{"id":292,"date":"2016-09-12T11:26:30","date_gmt":"2016-09-12T09:26:30","guid":{"rendered":"http:\/\/maksym-it-next.e-kei.pl\/strony_www\/odlewnia-tarnow\/?page_id=292"},"modified":"2017-08-29T08:19:30","modified_gmt":"2017-08-29T06:19:30","slug":"dane-teleadresowe","status":"publish","type":"page","link":"https:\/\/otot.eu\/ru\/dane-teleadresowe\/","title":{"rendered":"\u041a\u041e\u041d\u0422\u0410\u041a\u0422\u041d\u042b\u0415 \u0414\u0410\u041d\u041d\u042b\u0415"},"content":{"rendered":"<p><strong>\u0410\u0434\u0440\u0435\u0441:<\/strong><br \/>\nOdlewnia Tarn\u00f3w Sp. z o.o<br \/>\nul. Kochanowskiego 30<br \/>\n33-100 Tarn\u00f3w<\/p>\n<p><strong>\u0421\u0435\u043a\u0440\u0435\u0442\u0430\u0440\u0438\u0430\u0442:<\/strong><br \/>\nTelefon: +48 14 63 00 725<br \/>\nFax: +48 14 63 00 723<\/p>\n<p><strong>NIP<\/strong>: 9930471170<br \/>\n<strong>REGON<\/strong>: 120226211<br \/>\n<strong>KRS<\/strong>: 0000257088<\/p>\n<p><a href=\"mailto:sekretariat@otot.eu\">sekretariat@otot.eu<\/a><\/p>\n<p>Dokumentacj\u0119 sp\u00f3\u0142ki przechowuje S\u0104D REJONOWY dla miasta Krakowa-\u015ar\u00f3dmie\u015bcia w Krakowie<br \/>\nWydzia\u0142 XII Gospodarczy Krajowego Rejestru S\u0105dowego, ul. Przy Rondzie 7, 30-965 Krak\u00f3w<br \/>\nWysoko\u015b\u0107 Kapita\u0142u Zak\u0142adowego sp\u00f3\u0142ki i faktycznie wp\u0142aconego: 8 300 000 z\u0142<\/p>","protected":false},"excerpt":{"rendered":"<p>\u0410\u0434\u0440\u0435\u0441: Odlewnia Tarn\u00f3w Sp. z o.o ul. Kochanowskiego 30 33-100 Tarn\u00f3w \u0421\u0435\u043a\u0440\u0435\u0442\u0430\u0440\u0438\u0430\u0442: Telefon: +48 14 63 00 725 Fax: +48 14 63 00 723 NIP: 9930471170 REGON: 120226211 KRS: 0000257088 sekretariat@otot.eu Dokumentacj\u0119 sp\u00f3\u0142ki przechowuje S\u0104D REJONOWY dla miasta Krakowa-\u015ar\u00f3dmie\u015bcia w Krakowie Wydzia\u0142 XII Gospodarczy Krajowego Rejestru S\u0105dowego, ul. Przy Rondzie 7, 30-965 Krak\u00f3w Wysoko\u015b\u0107 Kapita\u0142u [&hellip;]<\/p>\n","protected":false},"author":1,"featured_media":0,"parent":0,"menu_order":0,"comment_status":"closed","ping_status":"closed","template":"","meta":[],"_links":{"self":[{"href":"https:\/\/otot.eu\/ru\/wp-json\/wp\/v2\/pages\/292"}],"collection":[{"href":"https:\/\/otot.eu\/ru\/wp-json\/wp\/v2\/pages"}],"about":[{"href":"https:\/\/otot.eu\/ru\/wp-json\/wp\/v2\/types\/page"}],"author":[{"embeddable":true,"href":"https:\/\/otot.eu\/ru\/wp-json\/wp\/v2\/users\/1"}],"replies":[{"embeddable":true,"href":"https:\/\/otot.eu\/ru\/wp-json\/wp\/v2\/comments?post=292"}],"version-history":[{"count":8,"href":"https:\/\/otot.eu\/ru\/wp-json\/wp\/v2\/pages\/292\/revisions"}],"predecessor-version":[{"id":627,"href":"https:\/\/otot.eu\/ru\/wp-json\/wp\/v2\/pages\/292\/revisions\/627"}],"wp:attachment":[{"href":"https:\/\/otot.eu\/ru\/wp-json\/wp\/v2\/media?parent=292"}],"curies":[{"name":"wp","href":"https:\/\/api.w.org\/{rel}","templated":true}]}}