{"id":201,"date":"2016-09-09T12:52:30","date_gmt":"2016-09-09T10:52:30","guid":{"rendered":"http:\/\/maksym-it-next.e-kei.pl\/strony_www\/odlewnia-tarnow\/?page_id=201"},"modified":"2017-08-29T09:12:14","modified_gmt":"2017-08-29T07:12:14","slug":"kontrola-jakosci","status":"publish","type":"page","link":"https:\/\/otot.eu\/it\/kontrola-jakosci\/","title":{"rendered":"CONTROLLO DI QUALIT\u00c0"},"content":{"rendered":"<p><br \/>\nL&#8217;obiettivo pi\u00f9 importante della nostra azienda \u00e8 quello di raggiungere una qualit\u00e0 di prodotti e servizi per soddisfare i requisiti delle norme internazionali e le aspettative dei singoli clienti.<\/p>\n<p>I nostri prodotti sono controllati in ogni fase del ciclo produttivo. L&#8217;ispezione finale dettagliata \u00e8 soggetta a tutti i pezzi del partito.<br \/>\nTutti i processi produttivi in azienda sono realizzati in conformit\u00e0 con il PN-EN ISO 9001: 2008<\/p>\n<p>Il reparto di controllo di qualit\u00e0 rilascia i seguenti documenti:<br \/>\n<UL><\/p>\n<li>Approvazione materiale EN 10204-3.1<\/li>\n<li>Scheda di misurazione<\/li>\n<li>Certificato di qualit\u00e0<\/li>\n<p>\/<UL><\/p>","protected":false},"excerpt":{"rendered":"<p>L&#8217;obiettivo pi\u00f9 importante della nostra azienda \u00e8 quello di raggiungere una qualit\u00e0 di prodotti e servizi per soddisfare i requisiti delle norme internazionali e le aspettative dei singoli clienti. I nostri prodotti sono controllati in ogni fase del ciclo produttivo. L&#8217;ispezione finale dettagliata \u00e8 soggetta a tutti i pezzi del partito. Tutti i processi produttivi [&hellip;]<\/p>\n","protected":false},"author":1,"featured_media":0,"parent":0,"menu_order":0,"comment_status":"closed","ping_status":"closed","template":"","meta":[],"_links":{"self":[{"href":"https:\/\/otot.eu\/it\/wp-json\/wp\/v2\/pages\/201"}],"collection":[{"href":"https:\/\/otot.eu\/it\/wp-json\/wp\/v2\/pages"}],"about":[{"href":"https:\/\/otot.eu\/it\/wp-json\/wp\/v2\/types\/page"}],"author":[{"embeddable":true,"href":"https:\/\/otot.eu\/it\/wp-json\/wp\/v2\/users\/1"}],"replies":[{"embeddable":true,"href":"https:\/\/otot.eu\/it\/wp-json\/wp\/v2\/comments?post=201"}],"version-history":[{"count":7,"href":"https:\/\/otot.eu\/it\/wp-json\/wp\/v2\/pages\/201\/revisions"}],"predecessor-version":[{"id":660,"href":"https:\/\/otot.eu\/it\/wp-json\/wp\/v2\/pages\/201\/revisions\/660"}],"wp:attachment":[{"href":"https:\/\/otot.eu\/it\/wp-json\/wp\/v2\/media?parent=201"}],"curies":[{"name":"wp","href":"https:\/\/api.w.org\/{rel}","templated":true}]}}