{"id":174,"date":"2016-09-09T12:38:04","date_gmt":"2016-09-09T10:38:04","guid":{"rendered":"http:\/\/maksym-it-next.e-kei.pl\/strony_www\/odlewnia-tarnow\/?page_id=174"},"modified":"2017-08-29T08:53:39","modified_gmt":"2017-08-29T06:53:39","slug":"formiernia","status":"publish","type":"page","link":"https:\/\/otot.eu\/it\/formiernia\/","title":{"rendered":"FORMATURA"},"content":{"rendered":"<p>La fonderia Tarn\u00f3w \u00e8 specializzata nella produzione di singoli getti e di piccole e medie serie (batch preferito 100-200 pezzi \/ mese). La formatura manuale avviene in tazze rotonde o rettangolari con dimensioni massime di \u2205 2200 per le fiasche rotonde e 3600 \u00d7 1900 o 6700 \u00d7 900 per le fiasche rettangolari. Il peso massimo di un getto \u00e8 di 4 tonnellate.<\/p>\n<p>Le forme, cos\u00ec come la maggior parte dei nuclei, sono realizzati con l&#8217;utilizzo di miscelatori continui di massa di furano basati sulla sabbia di quarzo recuperata. Il Dipartimento di Formatura ha due miscelatori Wohr con efficienza di 15t \/ h e 12t \/ h. L&#8217;intera massa dello stampo (compreso il nucleo) subisce un processo di riciclaggio meccanico. La stazione completamente automatizzata dell&#8217;elaborazione di massa ci permette di recuperare circa l&#8217;85-90% della sabbia di quarzo.<\/p>","protected":false},"excerpt":{"rendered":"<p>La fonderia Tarn\u00f3w \u00e8 specializzata nella produzione di singoli getti e di piccole e medie serie (batch preferito 100-200 pezzi \/ mese). La formatura manuale avviene in tazze rotonde o rettangolari con dimensioni massime di \u2205 2200 per le fiasche rotonde e 3600 \u00d7 1900 o 6700 \u00d7 900 per le fiasche rettangolari. Il peso [&hellip;]<\/p>\n","protected":false},"author":1,"featured_media":0,"parent":0,"menu_order":0,"comment_status":"closed","ping_status":"closed","template":"","meta":[],"_links":{"self":[{"href":"https:\/\/otot.eu\/it\/wp-json\/wp\/v2\/pages\/174"}],"collection":[{"href":"https:\/\/otot.eu\/it\/wp-json\/wp\/v2\/pages"}],"about":[{"href":"https:\/\/otot.eu\/it\/wp-json\/wp\/v2\/types\/page"}],"author":[{"embeddable":true,"href":"https:\/\/otot.eu\/it\/wp-json\/wp\/v2\/users\/1"}],"replies":[{"embeddable":true,"href":"https:\/\/otot.eu\/it\/wp-json\/wp\/v2\/comments?post=174"}],"version-history":[{"count":7,"href":"https:\/\/otot.eu\/it\/wp-json\/wp\/v2\/pages\/174\/revisions"}],"predecessor-version":[{"id":649,"href":"https:\/\/otot.eu\/it\/wp-json\/wp\/v2\/pages\/174\/revisions\/649"}],"wp:attachment":[{"href":"https:\/\/otot.eu\/it\/wp-json\/wp\/v2\/media?parent=174"}],"curies":[{"name":"wp","href":"https:\/\/api.w.org\/{rel}","templated":true}]}}