{"id":119,"date":"2016-09-09T11:38:44","date_gmt":"2016-09-09T09:38:44","guid":{"rendered":"http:\/\/maksym-it-next.e-kei.pl\/strony_www\/odlewnia-tarnow\/?page_id=119"},"modified":"2017-08-29T08:24:15","modified_gmt":"2017-08-29T06:24:15","slug":"sprzedaz-wkladow-kominkowych","status":"publish","type":"page","link":"https:\/\/otot.eu\/it\/sprzedaz-wkladow-kominkowych\/","title":{"rendered":"VENDITA INSERTI CAMINO"},"content":{"rendered":"<p>In offerta abbiamo anche prodotti finiti \u2013 <strong>inserti monolitici per camini<\/strong>. L&#8217;intero processo produttivo avviene nel nostro stabilimento. Corpi del camino dopo la colata di ghisa grigia di migliore qualit\u00e0 avviene lavorata e spedita direttamente a cliente. Qualit\u00e0 dei inserti \u00e8 confermata da numerose ricerche e certificati di garanzia del produttore di dieci anni. <\/p>\n<p>Siamo in grado di offrire ai nostri clienti una vasta gamma dei nostri prodotti:<\/p>\n<p>Forno nel inserto monolitico e un getto intero, sportello e posacenere sono stati abbinati con una tecnica di molatura. Questo consente una perfetta tenuta e la stabilit\u00e0 del inserto<br \/>\nTutti i nostri camini sono la produzione secondo le norme <strong>EN 13.229<\/strong> e <strong>13.240<\/strong><br \/>\nContributo termica nominale \u00e8 da <strong>6,5 kW<\/strong> a <strong>17 kW<\/strong><br \/>\nPeso inserti da <strong>120 kg<\/strong> a <strong>300 kg<\/strong><br \/>\nspessore della parete \u00e8 da <strong>8 mm<\/strong> a <strong>22 mm<\/strong><br \/>\nProduciamo inserti tradizionali con la distribuzione di aria calda alimentata con tutti tipi di alberi con foglie<br \/>\nI nostri prodotti sono coperti con una garanzia di  10 \u2013 anni<\/p>","protected":false},"excerpt":{"rendered":"<p>In offerta abbiamo anche prodotti finiti \u2013 inserti monolitici per camini. L&#8217;intero processo produttivo avviene nel nostro stabilimento. Corpi del camino dopo la colata di ghisa grigia di migliore qualit\u00e0 avviene lavorata e spedita direttamente a cliente. Qualit\u00e0 dei inserti \u00e8 confermata da numerose ricerche e certificati di garanzia del produttore di dieci anni. Siamo [&hellip;]<\/p>\n","protected":false},"author":1,"featured_media":0,"parent":0,"menu_order":0,"comment_status":"closed","ping_status":"closed","template":"","meta":[],"_links":{"self":[{"href":"https:\/\/otot.eu\/it\/wp-json\/wp\/v2\/pages\/119"}],"collection":[{"href":"https:\/\/otot.eu\/it\/wp-json\/wp\/v2\/pages"}],"about":[{"href":"https:\/\/otot.eu\/it\/wp-json\/wp\/v2\/types\/page"}],"author":[{"embeddable":true,"href":"https:\/\/otot.eu\/it\/wp-json\/wp\/v2\/users\/1"}],"replies":[{"embeddable":true,"href":"https:\/\/otot.eu\/it\/wp-json\/wp\/v2\/comments?post=119"}],"version-history":[{"count":13,"href":"https:\/\/otot.eu\/it\/wp-json\/wp\/v2\/pages\/119\/revisions"}],"predecessor-version":[{"id":635,"href":"https:\/\/otot.eu\/it\/wp-json\/wp\/v2\/pages\/119\/revisions\/635"}],"wp:attachment":[{"href":"https:\/\/otot.eu\/it\/wp-json\/wp\/v2\/media?parent=119"}],"curies":[{"name":"wp","href":"https:\/\/api.w.org\/{rel}","templated":true}]}}