{"id":793,"date":"2021-02-20T19:57:07","date_gmt":"2021-02-20T18:57:07","guid":{"rendered":"http:\/\/otot.eu\/?page_id=793"},"modified":"2021-03-10T00:21:38","modified_gmt":"2021-03-09T23:21:38","slug":"ogolne-warunki-platnosci","status":"publish","type":"page","link":"https:\/\/otot.eu\/de\/ogolne-warunki-platnosci\/","title":{"rendered":"(Polski) OG\u00d3LNE WARUNKI P\u0141ATNO\u015aCI"},"content":{"rendered":"<p class=\"qtranxs-available-languages-message qtranxs-available-languages-message-de\">Leider ist der Eintrag nur auf <a href=\"https:\/\/otot.eu\/pl\/wp-json\/wp\/v2\/pages\/793\" class=\"qtranxs-available-language-link qtranxs-available-language-link-pl\" title=\"Polski\">Polnisch<\/a> und <a href=\"https:\/\/otot.eu\/en\/wp-json\/wp\/v2\/pages\/793\" class=\"qtranxs-available-language-link qtranxs-available-language-link-en\" title=\"English\">Amerikanisches Englisch<\/a> verf\u00fcgbar.<\/p>","protected":false},"excerpt":{"rendered":"<p>Leider ist der Eintrag nur auf Polnisch und Amerikanisches Englisch verf\u00fcgbar.<\/p>\n","protected":false},"author":3,"featured_media":0,"parent":0,"menu_order":0,"comment_status":"closed","ping_status":"closed","template":"","meta":[],"_links":{"self":[{"href":"https:\/\/otot.eu\/de\/wp-json\/wp\/v2\/pages\/793"}],"collection":[{"href":"https:\/\/otot.eu\/de\/wp-json\/wp\/v2\/pages"}],"about":[{"href":"https:\/\/otot.eu\/de\/wp-json\/wp\/v2\/types\/page"}],"author":[{"embeddable":true,"href":"https:\/\/otot.eu\/de\/wp-json\/wp\/v2\/users\/3"}],"replies":[{"embeddable":true,"href":"https:\/\/otot.eu\/de\/wp-json\/wp\/v2\/comments?post=793"}],"version-history":[{"count":22,"href":"https:\/\/otot.eu\/de\/wp-json\/wp\/v2\/pages\/793\/revisions"}],"predecessor-version":[{"id":824,"href":"https:\/\/otot.eu\/de\/wp-json\/wp\/v2\/pages\/793\/revisions\/824"}],"wp:attachment":[{"href":"https:\/\/otot.eu\/de\/wp-json\/wp\/v2\/media?parent=793"}],"curies":[{"name":"wp","href":"https:\/\/api.w.org\/{rel}","templated":true}]}}