{"id":41,"date":"2016-09-09T10:49:04","date_gmt":"2016-09-09T08:49:04","guid":{"rendered":"http:\/\/maksym-it-next.e-kei.pl\/strony_www\/odlewnia-tarnow\/?page_id=41"},"modified":"2017-09-07T09:39:19","modified_gmt":"2017-09-07T07:39:19","slug":"historia","status":"publish","type":"page","link":"https:\/\/otot.eu\/de\/historia\/","title":{"rendered":"UNTERNEHMEN GESCHICHTE"},"content":{"rendered":"<p><strong>Die Geschichte des Unternehmens<\/strong><\/p>\n<p>Die Geschichte des Unternehmens Odlewnia Tarn\u00f3w Sp. z o.o. (Gie\u00dferei Tarnow GmbH) reicht in die 50-er Jahre zur\u00fcck, als im Rahmen der \u201eMechanischen Werke Tarnow\u201c (ZMT), die haupts\u00e4chlich Komponente f\u00fcr die milit\u00e4rische Industrie hergestellt haben, eine separate Abteilung gegr\u00fcndet wurde, die sich mit der Produktion von Werkzeugmaschinen besch\u00e4ftigt.<\/p>\n<p>die Gie\u00dferei hat im Laufe Ihrer T\u00e4tigkeit viele Organisations- und Investitions\u00e4nderung durchlaufen. Letztendlich ist sie im Jahr 2006 zur selbstst\u00e4ndigen Gesellschaft umgewandelt worden.<\/p>\n<p>Nach der Privatisierung des Unternehmens in Juni 2011 wurde die Firma <strong>TARNAVVA Sp. z o.o.<\/strong> Ihr einziger Eigent\u00fcmer, w\u00e4hrend Odlewnia Tarn\u00f3w Sp. z o.o. der <strong>TARNAVVA GROUP<\/strong> beigetreten ist.<\/p>\n<p>Das Unternehmen besch\u00e4ftigt derzeit mehr als 100 Menschen. In der gesamten Gruppe, die vier Unternehmen umfasst, sind rund 400 Mitarbeiter besch\u00e4ftigt.<\/p>","protected":false},"excerpt":{"rendered":"<p>Die Geschichte des Unternehmens Die Geschichte des Unternehmens Odlewnia Tarn\u00f3w Sp. z o.o. (Gie\u00dferei Tarnow GmbH) reicht in die 50-er Jahre zur\u00fcck, als im Rahmen der \u201eMechanischen Werke Tarnow\u201c (ZMT), die haupts\u00e4chlich Komponente f\u00fcr die milit\u00e4rische Industrie hergestellt haben, eine separate Abteilung gegr\u00fcndet wurde, die sich mit der Produktion von Werkzeugmaschinen besch\u00e4ftigt. die Gie\u00dferei hat [&hellip;]<\/p>\n","protected":false},"author":1,"featured_media":0,"parent":0,"menu_order":0,"comment_status":"closed","ping_status":"closed","template":"","meta":[],"_links":{"self":[{"href":"https:\/\/otot.eu\/de\/wp-json\/wp\/v2\/pages\/41"}],"collection":[{"href":"https:\/\/otot.eu\/de\/wp-json\/wp\/v2\/pages"}],"about":[{"href":"https:\/\/otot.eu\/de\/wp-json\/wp\/v2\/types\/page"}],"author":[{"embeddable":true,"href":"https:\/\/otot.eu\/de\/wp-json\/wp\/v2\/users\/1"}],"replies":[{"embeddable":true,"href":"https:\/\/otot.eu\/de\/wp-json\/wp\/v2\/comments?post=41"}],"version-history":[{"count":11,"href":"https:\/\/otot.eu\/de\/wp-json\/wp\/v2\/pages\/41\/revisions"}],"predecessor-version":[{"id":678,"href":"https:\/\/otot.eu\/de\/wp-json\/wp\/v2\/pages\/41\/revisions\/678"}],"wp:attachment":[{"href":"https:\/\/otot.eu\/de\/wp-json\/wp\/v2\/media?parent=41"}],"curies":[{"name":"wp","href":"https:\/\/api.w.org\/{rel}","templated":true}]}}