{"id":176,"date":"2016-09-09T12:41:03","date_gmt":"2016-09-09T10:41:03","guid":{"rendered":"http:\/\/maksym-it-next.e-kei.pl\/strony_www\/odlewnia-tarnow\/?page_id=176"},"modified":"2017-08-29T08:55:17","modified_gmt":"2017-08-29T06:55:17","slug":"wytapialnia","status":"publish","type":"page","link":"https:\/\/otot.eu\/de\/wytapialnia\/","title":{"rendered":"Schmelzerei"},"content":{"rendered":"<p>Schmelzen des Metalls erfolgt in einem Mittelfrequenz-Induktionsofen der Firma INDUCTOTHERM mit einer Kapazit\u00e4t der Tiegel jeweils 1500 kg und 3000 kg. Derzeit betr\u00e4gt die maximale Kapazit\u00e4t der <strong>Schmelzanlage 5000 Tonnen \/ Jahr.<\/strong> In naher Zukunft ist jedoch geplant ihre Effizienz zu erh\u00f6hen.<\/p>\n<p>Die Gie\u00dferei schmilzt Grauguss, niedrig legiertes Gusseisen und Sph\u00e4rogusseisen. Derzeit betr\u00e4gt der Anteil von Grauguss und niedrig legierten Gusseisen etwa 70% der Gesamtproduktion. St\u00e4ndig erh\u00f6ht sich die Produktion von Sph\u00e4roguss und liegt derzeit etwa bei 30%.<\/p>\n<p>Die Schmelzerei verwendet eine Vielzahl von Ger\u00e4ten, darunter das Spektrometer, um die Qualit\u00e4t der Eisenschmelze zu steuern, eine Vorrichtung zur thermischen Analyse oder Tauchtester f\u00fcr die Temperaturmessung. Das Eingie\u00dfen der Formen erfolgt mit Gie\u00dfkellen mit einer Kapazit\u00e4t von 0,6 t, 1 t, 1,5 t, 2t, 3t, 5t.<\/p>\n<p><strong>\u00c4nderungen<\/strong> in Abh\u00e4ngigkeit von der Technologie und den Portionsgr\u00f6\u00dfen von Metall werden w\u00e4hrend des Gie\u00dfens auf dem Grund der Wanne oder auf dem Metallspiegel durchgef\u00fchrt. <strong>Sph\u00e4roidisierung <\/strong>erfolgt mit der M\u00f6rtelmethode auf der Unterseite. des Bottichs.<\/p>","protected":false},"excerpt":{"rendered":"<p>Schmelzen des Metalls erfolgt in einem Mittelfrequenz-Induktionsofen der Firma INDUCTOTHERM mit einer Kapazit\u00e4t der Tiegel jeweils 1500 kg und 3000 kg. Derzeit betr\u00e4gt die maximale Kapazit\u00e4t der Schmelzanlage 5000 Tonnen \/ Jahr. In naher Zukunft ist jedoch geplant ihre Effizienz zu erh\u00f6hen. Die Gie\u00dferei schmilzt Grauguss, niedrig legiertes Gusseisen und Sph\u00e4rogusseisen. Derzeit betr\u00e4gt der Anteil [&hellip;]<\/p>\n","protected":false},"author":1,"featured_media":0,"parent":0,"menu_order":0,"comment_status":"closed","ping_status":"closed","template":"","meta":[],"_links":{"self":[{"href":"https:\/\/otot.eu\/de\/wp-json\/wp\/v2\/pages\/176"}],"collection":[{"href":"https:\/\/otot.eu\/de\/wp-json\/wp\/v2\/pages"}],"about":[{"href":"https:\/\/otot.eu\/de\/wp-json\/wp\/v2\/types\/page"}],"author":[{"embeddable":true,"href":"https:\/\/otot.eu\/de\/wp-json\/wp\/v2\/users\/1"}],"replies":[{"embeddable":true,"href":"https:\/\/otot.eu\/de\/wp-json\/wp\/v2\/comments?post=176"}],"version-history":[{"count":7,"href":"https:\/\/otot.eu\/de\/wp-json\/wp\/v2\/pages\/176\/revisions"}],"predecessor-version":[{"id":651,"href":"https:\/\/otot.eu\/de\/wp-json\/wp\/v2\/pages\/176\/revisions\/651"}],"wp:attachment":[{"href":"https:\/\/otot.eu\/de\/wp-json\/wp\/v2\/media?parent=176"}],"curies":[{"name":"wp","href":"https:\/\/api.w.org\/{rel}","templated":true}]}}