{"id":171,"date":"2016-09-09T12:35:44","date_gmt":"2016-09-09T10:35:44","guid":{"rendered":"http:\/\/maksym-it-next.e-kei.pl\/strony_www\/odlewnia-tarnow\/?page_id=171"},"modified":"2017-08-29T08:52:58","modified_gmt":"2017-08-29T06:52:58","slug":"rdzeniarnia","status":"publish","type":"page","link":"https:\/\/otot.eu\/de\/rdzeniarnia\/","title":{"rendered":"Herstellung von Kernen"},"content":{"rendered":"<p>Die Kerne sind ausgef\u00fchrt aus Massen, die auf organischen Bindemitteln (Furanharze) basieren. Die verwendete Technologie erm\u00f6glicht es Gu\u00dfteile herzustellen, die Erwartungen der Kunden, sowohl in Bezug auf Ma\u00df- wie auch Oberfl\u00e4chenqualit\u00e4t erf\u00fcllen.<\/p>\n<p>Die Gie\u00dferei hat drei Mischer-F\u00fcller der Firma W\u00f6hr mit einer Gesamtkapazit\u00e4t von 16 t \/ h und Mischer-F\u00fcller AMD 4s mit einer Kapazit\u00e4t von 4 t \/ h. Die gesamte Formmasse (wie auch der Kerne) werden einem mechanischen Regenerationsprozess unterzogen. Die vollautomatische Massenbearbeitungsstation erm\u00f6glicht die Wiedergewinnung von etwa 85-90% Wiederverwertung von Sand.<\/p>\n<p>Derzeit f\u00fchren wir eine Kernschiessmaschiene ein f\u00fcr Kerne in der Cold-Box Technologie ein. Der geplante Termin f\u00fcr den Start ist Juli 2017.<\/p>","protected":false},"excerpt":{"rendered":"<p>Die Kerne sind ausgef\u00fchrt aus Massen, die auf organischen Bindemitteln (Furanharze) basieren. Die verwendete Technologie erm\u00f6glicht es Gu\u00dfteile herzustellen, die Erwartungen der Kunden, sowohl in Bezug auf Ma\u00df- wie auch Oberfl\u00e4chenqualit\u00e4t erf\u00fcllen. Die Gie\u00dferei hat drei Mischer-F\u00fcller der Firma W\u00f6hr mit einer Gesamtkapazit\u00e4t von 16 t \/ h und Mischer-F\u00fcller AMD 4s mit einer Kapazit\u00e4t [&hellip;]<\/p>\n","protected":false},"author":1,"featured_media":0,"parent":0,"menu_order":0,"comment_status":"closed","ping_status":"closed","template":"","meta":[],"_links":{"self":[{"href":"https:\/\/otot.eu\/de\/wp-json\/wp\/v2\/pages\/171"}],"collection":[{"href":"https:\/\/otot.eu\/de\/wp-json\/wp\/v2\/pages"}],"about":[{"href":"https:\/\/otot.eu\/de\/wp-json\/wp\/v2\/types\/page"}],"author":[{"embeddable":true,"href":"https:\/\/otot.eu\/de\/wp-json\/wp\/v2\/users\/1"}],"replies":[{"embeddable":true,"href":"https:\/\/otot.eu\/de\/wp-json\/wp\/v2\/comments?post=171"}],"version-history":[{"count":9,"href":"https:\/\/otot.eu\/de\/wp-json\/wp\/v2\/pages\/171\/revisions"}],"predecessor-version":[{"id":648,"href":"https:\/\/otot.eu\/de\/wp-json\/wp\/v2\/pages\/171\/revisions\/648"}],"wp:attachment":[{"href":"https:\/\/otot.eu\/de\/wp-json\/wp\/v2\/media?parent=171"}],"curies":[{"name":"wp","href":"https:\/\/api.w.org\/{rel}","templated":true}]}}