{"id":169,"date":"2016-09-09T12:35:08","date_gmt":"2016-09-09T10:35:08","guid":{"rendered":"http:\/\/maksym-it-next.e-kei.pl\/strony_www\/odlewnia-tarnow\/?page_id=169"},"modified":"2017-08-29T08:51:24","modified_gmt":"2017-08-29T06:51:24","slug":"modelarnia","status":"publish","type":"page","link":"https:\/\/otot.eu\/de\/modelarnia\/","title":{"rendered":"Modellwerkstatt"},"content":{"rendered":"<p>Die Modellwerkstatt und Zimmerei f\u00fchrt Gie\u00dfmodelle aus (Modelle und Kernk\u00e4sten), die f\u00fcr die Herstellung von Formen erforderlich sind, sowohl aus Holz (wiederverwendbar) wie auch aus Styropor (Einweg). Neben Anfertigung von Modellen f\u00fcr die eigene Produktion, befassen sich unsere Mitarbeiter der Modellwerkstatt mit der der Gestaltung, Ausf\u00fchrung und Reparatur von Modellen f\u00fcr externe Unternehmen.<\/p>\n<p>Im Jahr 2012 erwarben wir eine dreiachsige CNC-Fr\u00e4smaschine, was die Produktionskapazit\u00e4 vergr\u00f6\u00dfert. Derzeit basieren wir in der Herstellung von Gie\u00dfmodellen nicht nur auf der traditionellen Dokumentation 2D, sondern auch auf der Basis von 3D-Dokumentation.<\/p>\n<p>Wir stellen Gie\u00dfmodelle her aus:<\/p>\n<ul>\n<li>Holz<\/li>\n<li>Epoxy-Massen<\/li>\n<li>Verbindung von verschiedenen Materialien (Holz, Epoxy-Massen und Metallelementen)<\/li>\n<li>Styropor<\/li>\n<\/ul>\n<p><\/p>","protected":false},"excerpt":{"rendered":"<p>Die Modellwerkstatt und Zimmerei f\u00fchrt Gie\u00dfmodelle aus (Modelle und Kernk\u00e4sten), die f\u00fcr die Herstellung von Formen erforderlich sind, sowohl aus Holz (wiederverwendbar) wie auch aus Styropor (Einweg). Neben Anfertigung von Modellen f\u00fcr die eigene Produktion, befassen sich unsere Mitarbeiter der Modellwerkstatt mit der der Gestaltung, Ausf\u00fchrung und Reparatur von Modellen f\u00fcr externe Unternehmen. Im Jahr [&hellip;]<\/p>\n","protected":false},"author":1,"featured_media":0,"parent":0,"menu_order":0,"comment_status":"closed","ping_status":"closed","template":"","meta":[],"_links":{"self":[{"href":"https:\/\/otot.eu\/de\/wp-json\/wp\/v2\/pages\/169"}],"collection":[{"href":"https:\/\/otot.eu\/de\/wp-json\/wp\/v2\/pages"}],"about":[{"href":"https:\/\/otot.eu\/de\/wp-json\/wp\/v2\/types\/page"}],"author":[{"embeddable":true,"href":"https:\/\/otot.eu\/de\/wp-json\/wp\/v2\/users\/1"}],"replies":[{"embeddable":true,"href":"https:\/\/otot.eu\/de\/wp-json\/wp\/v2\/comments?post=169"}],"version-history":[{"count":8,"href":"https:\/\/otot.eu\/de\/wp-json\/wp\/v2\/pages\/169\/revisions"}],"predecessor-version":[{"id":647,"href":"https:\/\/otot.eu\/de\/wp-json\/wp\/v2\/pages\/169\/revisions\/647"}],"wp:attachment":[{"href":"https:\/\/otot.eu\/de\/wp-json\/wp\/v2\/media?parent=169"}],"curies":[{"name":"wp","href":"https:\/\/api.w.org\/{rel}","templated":true}]}}