{"id":166,"date":"2016-09-09T12:33:52","date_gmt":"2016-09-09T10:33:52","guid":{"rendered":"http:\/\/maksym-it-next.e-kei.pl\/strony_www\/odlewnia-tarnow\/?page_id=166"},"modified":"2017-08-29T08:47:24","modified_gmt":"2017-08-29T06:47:24","slug":"dzial-techniczny","status":"publish","type":"page","link":"https:\/\/otot.eu\/de\/dzial-techniczny\/","title":{"rendered":"Technische Abteilung"},"content":{"rendered":"<p>Das technische Konstruktionsb\u00fcro besch\u00e4ftigt qualifizierte und erfahrene Ingenieure, befasst sich mit der Entwicklung und \u00dcberwachung der Parameter des Herstellungsprozesses.<\/p>\n<p><img loading=\"lazy\" class=\"alignnone size-medium wp-image-167\" src=\"\/wp-content\/uploads\/2016\/09\/img_9124-web-300x186.jpg\" alt=\"img_9124-web\" width=\"300\" height=\"186\" srcset=\"https:\/\/otot.eu\/wp-content\/uploads\/2016\/09\/img_9124-web-300x186.jpg 300w, https:\/\/otot.eu\/wp-content\/uploads\/2016\/09\/img_9124-web.jpg 448w\" sizes=\"(max-width: 300px) 100vw, 300px\" \/><\/p>\n<p>Unsere Technologen \u00fcberwachen den korrekten Ablauf aller Produktionsprozesse durch:<\/p>\n<ul>\n<li>\u00dcberpr\u00fcfung der Durchf\u00fchrbarkeit des Gie\u00dfens,<\/li>\n<li>Berechnung der Produktionskosten,<\/li>\n<li>Entwicklung geeigneter Technologien,<\/li>\n<li>machen Verbesserungsvorschl\u00e4ge technischer L\u00f6sungen,<\/li>\n<li>Konstruieren, entwerfen in SOLID WORKS und SOLID EDGE<\/li>\n<li>Einf\u00fchrung von Technologien f\u00fcr die Produktion<\/li>\n<\/ul>\n<p><\/p>","protected":false},"excerpt":{"rendered":"<p>Das technische Konstruktionsb\u00fcro besch\u00e4ftigt qualifizierte und erfahrene Ingenieure, befasst sich mit der Entwicklung und \u00dcberwachung der Parameter des Herstellungsprozesses. Unsere Technologen \u00fcberwachen den korrekten Ablauf aller Produktionsprozesse durch: \u00dcberpr\u00fcfung der Durchf\u00fchrbarkeit des Gie\u00dfens, Berechnung der Produktionskosten, Entwicklung geeigneter Technologien, machen Verbesserungsvorschl\u00e4ge technischer L\u00f6sungen, Konstruieren, entwerfen in SOLID WORKS und SOLID EDGE Einf\u00fchrung von Technologien f\u00fcr [&hellip;]<\/p>\n","protected":false},"author":1,"featured_media":0,"parent":0,"menu_order":0,"comment_status":"closed","ping_status":"closed","template":"","meta":[],"_links":{"self":[{"href":"https:\/\/otot.eu\/de\/wp-json\/wp\/v2\/pages\/166"}],"collection":[{"href":"https:\/\/otot.eu\/de\/wp-json\/wp\/v2\/pages"}],"about":[{"href":"https:\/\/otot.eu\/de\/wp-json\/wp\/v2\/types\/page"}],"author":[{"embeddable":true,"href":"https:\/\/otot.eu\/de\/wp-json\/wp\/v2\/users\/1"}],"replies":[{"embeddable":true,"href":"https:\/\/otot.eu\/de\/wp-json\/wp\/v2\/comments?post=166"}],"version-history":[{"count":6,"href":"https:\/\/otot.eu\/de\/wp-json\/wp\/v2\/pages\/166\/revisions"}],"predecessor-version":[{"id":646,"href":"https:\/\/otot.eu\/de\/wp-json\/wp\/v2\/pages\/166\/revisions\/646"}],"wp:attachment":[{"href":"https:\/\/otot.eu\/de\/wp-json\/wp\/v2\/media?parent=166"}],"curies":[{"name":"wp","href":"https:\/\/api.w.org\/{rel}","templated":true}]}}