{"id":184,"date":"2016-09-09T12:46:02","date_gmt":"2016-09-09T10:46:02","guid":{"rendered":"http:\/\/maksym-it-next.e-kei.pl\/strony_www\/odlewnia-tarnow\/?page_id=184"},"modified":"2017-08-29T09:01:21","modified_gmt":"2017-08-29T07:01:21","slug":"pakowanie-i-wysylka","status":"publish","type":"page","link":"http:\/\/otot.eu\/de\/pakowanie-i-wysylka\/","title":{"rendered":"Verpackung und Versand"},"content":{"rendered":"<p>Die Verpackung der Gussteile wird strengen nach Anforderungen der Kunden durchgef\u00fchrt.<\/p>\n<p>Gem\u00e4\u00df der von dem Kunden angegebenen Spezifikationen zur Verpackung k\u00f6nnen Gussteile verpackt sein:<\/p>\n<ul>\n<li>auf Paletten EUR<\/li>\n<li>auf Paletten EUR mit Rahmen<\/li>\n<li>in K\u00f6rben<\/li>\n<li>in Holzkisten<\/li>\n<li>in Folie<\/li>\n<li>gestapelt<\/li>\n<\/ul>\n<p><\/p>","protected":false},"excerpt":{"rendered":"<p>Die Verpackung der Gussteile wird strengen nach Anforderungen der Kunden durchgef\u00fchrt. Gem\u00e4\u00df der von dem Kunden angegebenen Spezifikationen zur Verpackung k\u00f6nnen Gussteile verpackt sein: auf Paletten EUR auf Paletten EUR mit Rahmen in K\u00f6rben in Holzkisten in Folie gestapelt<\/p>\n","protected":false},"author":1,"featured_media":0,"parent":0,"menu_order":0,"comment_status":"closed","ping_status":"closed","template":"","meta":[],"_links":{"self":[{"href":"http:\/\/otot.eu\/de\/wp-json\/wp\/v2\/pages\/184"}],"collection":[{"href":"http:\/\/otot.eu\/de\/wp-json\/wp\/v2\/pages"}],"about":[{"href":"http:\/\/otot.eu\/de\/wp-json\/wp\/v2\/types\/page"}],"author":[{"embeddable":true,"href":"http:\/\/otot.eu\/de\/wp-json\/wp\/v2\/users\/1"}],"replies":[{"embeddable":true,"href":"http:\/\/otot.eu\/de\/wp-json\/wp\/v2\/comments?post=184"}],"version-history":[{"count":6,"href":"http:\/\/otot.eu\/de\/wp-json\/wp\/v2\/pages\/184\/revisions"}],"predecessor-version":[{"id":655,"href":"http:\/\/otot.eu\/de\/wp-json\/wp\/v2\/pages\/184\/revisions\/655"}],"wp:attachment":[{"href":"http:\/\/otot.eu\/de\/wp-json\/wp\/v2\/media?parent=184"}],"curies":[{"name":"wp","href":"https:\/\/api.w.org\/{rel}","templated":true}]}}