{"id":178,"date":"2016-09-09T12:41:46","date_gmt":"2016-09-09T10:41:46","guid":{"rendered":"http:\/\/maksym-it-next.e-kei.pl\/strony_www\/odlewnia-tarnow\/?page_id=178"},"modified":"2017-08-29T08:56:10","modified_gmt":"2017-08-29T06:56:10","slug":"obrobka-powierzchniowa","status":"publish","type":"page","link":"http:\/\/otot.eu\/de\/obrobka-powierzchniowa\/","title":{"rendered":"Oberfl\u00e4chenbehandlung"},"content":{"rendered":"<p>Nach dem Abguss werden die Gussteile dem K\u00fchlverfahren unterzogen. Dann, nach dem ausbrechen aus den Gussformen auf einem Sto\u00dfgitter, werden die Rohgussteile mit Schrot besprengt und sp\u00e4ter gereinigt.<\/p>\n<p>In der Reinigung werden die Gussteile mit Handarbeit geschliffen, um das endg\u00fcltige Aussehen zu erhalten.<\/p>","protected":false},"excerpt":{"rendered":"<p>Nach dem Abguss werden die Gussteile dem K\u00fchlverfahren unterzogen. Dann, nach dem ausbrechen aus den Gussformen auf einem Sto\u00dfgitter, werden die Rohgussteile mit Schrot besprengt und sp\u00e4ter gereinigt. In der Reinigung werden die Gussteile mit Handarbeit geschliffen, um das endg\u00fcltige Aussehen zu erhalten.<\/p>\n","protected":false},"author":1,"featured_media":0,"parent":0,"menu_order":0,"comment_status":"closed","ping_status":"closed","template":"","meta":[],"_links":{"self":[{"href":"http:\/\/otot.eu\/de\/wp-json\/wp\/v2\/pages\/178"}],"collection":[{"href":"http:\/\/otot.eu\/de\/wp-json\/wp\/v2\/pages"}],"about":[{"href":"http:\/\/otot.eu\/de\/wp-json\/wp\/v2\/types\/page"}],"author":[{"embeddable":true,"href":"http:\/\/otot.eu\/de\/wp-json\/wp\/v2\/users\/1"}],"replies":[{"embeddable":true,"href":"http:\/\/otot.eu\/de\/wp-json\/wp\/v2\/comments?post=178"}],"version-history":[{"count":6,"href":"http:\/\/otot.eu\/de\/wp-json\/wp\/v2\/pages\/178\/revisions"}],"predecessor-version":[{"id":652,"href":"http:\/\/otot.eu\/de\/wp-json\/wp\/v2\/pages\/178\/revisions\/652"}],"wp:attachment":[{"href":"http:\/\/otot.eu\/de\/wp-json\/wp\/v2\/media?parent=178"}],"curies":[{"name":"wp","href":"https:\/\/api.w.org\/{rel}","templated":true}]}}