{"id":174,"date":"2016-09-09T12:38:04","date_gmt":"2016-09-09T10:38:04","guid":{"rendered":"http:\/\/maksym-it-next.e-kei.pl\/strony_www\/odlewnia-tarnow\/?page_id=174"},"modified":"2017-08-29T08:53:39","modified_gmt":"2017-08-29T06:53:39","slug":"formiernia","status":"publish","type":"page","link":"http:\/\/otot.eu\/de\/formiernia\/","title":{"rendered":"Gussformen"},"content":{"rendered":"<p>Die Gie\u00dferei Tarn\u00f3w ist spezialisiert in der Herstellung von einzelnen Gussteilen, kleinen Gusseinheiten und mittleren Serien (bevorzugt Partien von 100-200 St\u00fcck \/ Monat) mit einem Gewicht bis zu 4 Tonnen.<\/p>\n<p>Die Formen werden aus Massen hergestellt, die auf organischen Bindemitteln basieren (Furanharze). Dank der verwendeten Technologie erf\u00fcllen wir die Erwartungen der Kunden sowohl in Bezug auf Ma\u00df- wie auch Oberfl\u00e4cheng\u00fcte. Die Stabilit\u00e4t des Formprozesses gew\u00e4hrleistet die Wiederholbarkeit von Gussteilen.<\/p>\n<p>Die Gie\u00dferei hat drei Mischer-F\u00fcller der Firma W\u00f6hr mit einer Gesamtkapazit\u00e4t von 16 t \/ h und Mischer-F\u00fcller AMD 4s mit einer Kapazit\u00e4t von 4 t \/ h. Die gesamte Formmasse (wie auch der Kern) werden einem mechanischen Regenerationsprozess unterzogen. Die vollautomatische Massenbearbeitungsstation erm\u00f6glicht die Wiedergewinnung von etwa 85-90% Wiederverwertung von Sand.<\/p>","protected":false},"excerpt":{"rendered":"<p>Die Gie\u00dferei Tarn\u00f3w ist spezialisiert in der Herstellung von einzelnen Gussteilen, kleinen Gusseinheiten und mittleren Serien (bevorzugt Partien von 100-200 St\u00fcck \/ Monat) mit einem Gewicht bis zu 4 Tonnen. Die Formen werden aus Massen hergestellt, die auf organischen Bindemitteln basieren (Furanharze). Dank der verwendeten Technologie erf\u00fcllen wir die Erwartungen der Kunden sowohl in Bezug [&hellip;]<\/p>\n","protected":false},"author":1,"featured_media":0,"parent":0,"menu_order":0,"comment_status":"closed","ping_status":"closed","template":"","meta":[],"_links":{"self":[{"href":"http:\/\/otot.eu\/de\/wp-json\/wp\/v2\/pages\/174"}],"collection":[{"href":"http:\/\/otot.eu\/de\/wp-json\/wp\/v2\/pages"}],"about":[{"href":"http:\/\/otot.eu\/de\/wp-json\/wp\/v2\/types\/page"}],"author":[{"embeddable":true,"href":"http:\/\/otot.eu\/de\/wp-json\/wp\/v2\/users\/1"}],"replies":[{"embeddable":true,"href":"http:\/\/otot.eu\/de\/wp-json\/wp\/v2\/comments?post=174"}],"version-history":[{"count":7,"href":"http:\/\/otot.eu\/de\/wp-json\/wp\/v2\/pages\/174\/revisions"}],"predecessor-version":[{"id":649,"href":"http:\/\/otot.eu\/de\/wp-json\/wp\/v2\/pages\/174\/revisions\/649"}],"wp:attachment":[{"href":"http:\/\/otot.eu\/de\/wp-json\/wp\/v2\/media?parent=174"}],"curies":[{"name":"wp","href":"https:\/\/api.w.org\/{rel}","templated":true}]}}